{"id":575,"date":"2024-08-19T20:27:39","date_gmt":"2024-08-19T20:27:39","guid":{"rendered":"https:\/\/info.bluebay-curacao.com\/?page_id=575"},"modified":"2025-07-23T12:17:53","modified_gmt":"2025-07-23T16:17:53","slug":"blue-bay-golf","status":"publish","type":"page","link":"https:\/\/info.bluebay-curacao.com\/pt\/blue-bay-resort\/blue-bay-golf\/","title":{"rendered":"Golfe Blue Bay"},"content":{"rendered":"<div data-elementor-type=\"wp-post\" data-elementor-id=\"575\" class=\"elementor elementor-575\" data-elementor-post-type=\"page\">\n\t\t\t\t\t\t<section class=\"elementor-section elementor-top-section elementor-element elementor-element-a17c14e elementor-hidden-desktop elementor-hidden-tablet elementor-section-boxed elementor-section-height-default elementor-section-height-default\" data-id=\"a17c14e\" data-element_type=\"section\" data-e-type=\"section\">\n\t\t\t\t\t\t<div class=\"elementor-container elementor-column-gap-default\">\n\t\t\t\t\t<div class=\"elementor-column elementor-col-100 elementor-top-column elementor-element elementor-element-f6b5dcd\" data-id=\"f6b5dcd\" data-element_type=\"column\" data-e-type=\"column\">\n\t\t\t<div class=\"elementor-widget-wrap elementor-element-populated\">\n\t\t\t\t\t\t<div class=\"elementor-element elementor-element-621b280 elementor-cta--skin-cover elementor-widget elementor-widget-call-to-action\" data-id=\"621b280\" data-element_type=\"widget\" data-e-type=\"widget\" data-widget_type=\"call-to-action.default\">\n\t\t\t\t<div class=\"elementor-widget-container\">\n\t\t\t\t\t\t\t<div class=\"elementor-cta\">\n\t\t\t\t\t<div class=\"elementor-cta__bg-wrapper\">\n\t\t\t\t<div class=\"elementor-cta__bg elementor-bg\" style=\"background-image: url();\" role=\"img\" aria-label=\"\"><\/div>\n\t\t\t\t<div class=\"elementor-cta__bg-overlay\"><\/div>\n\t\t\t<\/div>\n\t\t\t\t\t\t\t<div class=\"elementor-cta__content\">\n\t\t\t\t\n\t\t\t\t\t\t\t\t\t<h2 class=\"elementor-cta__title elementor-cta__content-item elementor-content-item\">\n\t\t\t\t\t\tGolfe Blue Bay\t\t\t\t\t<\/h2>\n\t\t\t\t\n\t\t\t\t\t\t\t\t\t<div class=\"elementor-cta__description elementor-cta__content-item elementor-content-item\">\n\t\t\t\t\t\tTodos os h\u00f3spedes recebem um desconto no green fee do principal campo de golfe de 18 buracos do Blue Bay Resort. Com vistas deslumbrantes do oceano e terreno desafiador, esse campo \u00e9 perfeito para golfistas de todos os n\u00edveis de habilidade. N\u00e3o perca essa oportunidade imbat\u00edvel de desfrutar de uma experi\u00eancia de golfe de alto n\u00edvel no Caribe. Solicite mais informa\u00e7\u00f5es no Blue Bay Golf. \t\t\t\t\t<\/div>\n\t\t\t\t\n\t\t\t\t\t\t\t<\/div>\n\t\t\t\t\t\t<\/div>\n\t\t\t\t\t\t<\/div>\n\t\t\t\t<\/div>\n\t\t\t\t\t<\/div>\n\t\t<\/div>\n\t\t\t\t\t<\/div>\n\t\t<\/section>\n\t\t\t\t<section class=\"elementor-section elementor-top-section elementor-element elementor-element-9bbff95 elementor-hidden-desktop elementor-hidden-tablet elementor-section-boxed elementor-section-height-default elementor-section-height-default\" data-id=\"9bbff95\" data-element_type=\"section\" data-e-type=\"section\">\n\t\t\t\t\t\t<div class=\"elementor-container elementor-column-gap-default\">\n\t\t\t\t\t<div class=\"elementor-column elementor-col-100 elementor-top-column elementor-element elementor-element-b022ffb\" data-id=\"b022ffb\" data-element_type=\"column\" data-e-type=\"column\">\n\t\t\t<div class=\"elementor-widget-wrap\">\n\t\t\t\t\t\t\t<\/div>\n\t\t<\/div>\n\t\t\t\t\t<\/div>\n\t\t<\/section>\n\t\t\t\t<section class=\"elementor-section elementor-top-section elementor-element elementor-element-7146673 elementor-hidden-desktop elementor-hidden-tablet elementor-section-boxed elementor-section-height-default elementor-section-height-default\" data-id=\"7146673\" data-element_type=\"section\" data-e-type=\"section\">\n\t\t\t\t\t\t<div class=\"elementor-container elementor-column-gap-default\">\n\t\t\t\t\t<div class=\"elementor-column elementor-col-100 elementor-top-column elementor-element elementor-element-1dfa93d\" data-id=\"1dfa93d\" data-element_type=\"column\" data-e-type=\"column\">\n\t\t\t<div class=\"elementor-widget-wrap elementor-element-populated\">\n\t\t\t\t\t\t<div class=\"elementor-element elementor-element-c1a85d5 elementor-widget elementor-widget-heading\" data-id=\"c1a85d5\" data-element_type=\"widget\" data-e-type=\"widget\" data-widget_type=\"heading.default\">\n\t\t\t\t<div class=\"elementor-widget-container\">\n\t\t\t\t\t<h2 class=\"elementor-heading-title elementor-size-default\">Hor\u00e1rio de funcionamento Driving Range<\/h2>\t\t\t\t<\/div>\n\t\t\t\t<\/div>\n\t\t\t\t<div class=\"elementor-element elementor-element-5259435 elementor-mobile-align-center elementor-widget elementor-widget-button\" data-id=\"5259435\" data-element_type=\"widget\" data-e-type=\"widget\" data-widget_type=\"button.default\">\n\t\t\t\t<div class=\"elementor-widget-container\">\n\t\t\t\t\t\t\t\t\t<div class=\"elementor-button-wrapper\">\n\t\t\t\t\t<a class=\"elementor-button elementor-button-link elementor-size-sm\" href=\"https:\/\/bluebay-curacao.teecontrol.com\/\" target=\"_blank\">\n\t\t\t\t\t\t<span class=\"elementor-button-content-wrapper\">\n\t\t\t\t\t\t\t\t\t<span class=\"elementor-button-text\">Reserve seu tee time<\/span>\n\t\t\t\t\t<\/span>\n\t\t\t\t\t<\/a>\n\t\t\t\t<\/div>\n\t\t\t\t\t\t\t\t<\/div>\n\t\t\t\t<\/div>\n\t\t\t\t<div class=\"elementor-element elementor-element-bb8514c elementor-widget elementor-widget-text-editor\" data-id=\"bb8514c\" data-element_type=\"widget\" data-e-type=\"widget\" data-widget_type=\"text-editor.default\">\n\t\t\t\t<div class=\"elementor-widget-container\">\n\t\t\t\t\t\t\t\t\t<ul><li>Segunda e quinta-feira, das 7h \u00e0s 18h<\/li><li>Ter\u00e7a e sexta-feira, das 8h \u00e0s 19h<\/li><li>Quarta-feira, s\u00e1bado e domingo, das 7h \u00e0s 19h<\/li><\/ul><p>Informamos que o hor\u00e1rio de funcionamento do Proshop \u00e9 das 7:00 \u00e0s 19:00 horas.<\/p><p>Espero v\u00ea-lo em breve no curso!<\/p>\t\t\t\t\t\t\t\t<\/div>\n\t\t\t\t<\/div>\n\t\t\t\t\t<\/div>\n\t\t<\/div>\n\t\t\t\t\t<\/div>\n\t\t<\/section>\n\t\t\t\t<section class=\"elementor-section elementor-top-section elementor-element elementor-element-dae693a elementor-hidden-desktop elementor-hidden-tablet elementor-section-boxed elementor-section-height-default elementor-section-height-default\" data-id=\"dae693a\" data-element_type=\"section\" data-e-type=\"section\">\n\t\t\t\t\t\t<div class=\"elementor-container elementor-column-gap-default\">\n\t\t\t\t\t<div class=\"elementor-column elementor-col-100 elementor-top-column elementor-element elementor-element-444ecf2\" data-id=\"444ecf2\" data-element_type=\"column\" data-e-type=\"column\">\n\t\t\t<div class=\"elementor-widget-wrap elementor-element-populated\">\n\t\t\t\t\t\t<div class=\"elementor-element elementor-element-bffbaa4 elementor-widget elementor-widget-image\" data-id=\"bffbaa4\" data-element_type=\"widget\" data-e-type=\"widget\" data-widget_type=\"image.default\">\n\t\t\t\t<div class=\"elementor-widget-container\">\n\t\t\t\t\t\t\t\t\t\t\t\t\t\t\t<img fetchpriority=\"high\" decoding=\"async\" width=\"800\" height=\"350\" src=\"https:\/\/info.bluebay-curacao.com\/wp-content\/uploads\/2024\/11\/Golf-Update-2021-17-1024x448.jpg\" class=\"attachment-large size-large wp-image-1966\" alt=\"\" srcset=\"https:\/\/info.bluebay-curacao.com\/wp-content\/uploads\/2024\/11\/Golf-Update-2021-17-1024x448.jpg 1024w, https:\/\/info.bluebay-curacao.com\/wp-content\/uploads\/2024\/11\/Golf-Update-2021-17-300x131.jpg 300w, https:\/\/info.bluebay-curacao.com\/wp-content\/uploads\/2024\/11\/Golf-Update-2021-17-768x336.jpg 768w, https:\/\/info.bluebay-curacao.com\/wp-content\/uploads\/2024\/11\/Golf-Update-2021-17-1536x672.jpg 1536w, https:\/\/info.bluebay-curacao.com\/wp-content\/uploads\/2024\/11\/Golf-Update-2021-17-18x8.jpg 18w, https:\/\/info.bluebay-curacao.com\/wp-content\/uploads\/2024\/11\/Golf-Update-2021-17.jpg 1920w\" sizes=\"(max-width: 800px) 100vw, 800px\" \/>\t\t\t\t\t\t\t\t\t\t\t\t\t\t\t<\/div>\n\t\t\t\t<\/div>\n\t\t\t\t\t<\/div>\n\t\t<\/div>\n\t\t\t\t\t<\/div>\n\t\t<\/section>\n\t\t\t\t<section class=\"elementor-section elementor-top-section elementor-element elementor-element-0d1ff53 elementor-hidden-desktop elementor-hidden-tablet elementor-section-boxed elementor-section-height-default elementor-section-height-default\" data-id=\"0d1ff53\" data-element_type=\"section\" data-e-type=\"section\">\n\t\t\t\t\t\t<div class=\"elementor-container elementor-column-gap-default\">\n\t\t\t\t\t<div class=\"elementor-column elementor-col-100 elementor-top-column elementor-element elementor-element-fd0bb9b\" data-id=\"fd0bb9b\" data-element_type=\"column\" data-e-type=\"column\">\n\t\t\t<div class=\"elementor-widget-wrap elementor-element-populated\">\n\t\t\t\t\t\t<div class=\"elementor-element elementor-element-b4ca928 elementor-widget elementor-widget-heading\" data-id=\"b4ca928\" data-element_type=\"widget\" data-e-type=\"widget\" data-widget_type=\"heading.default\">\n\t\t\t\t<div class=\"elementor-widget-container\">\n\t\t\t\t\t<h2 class=\"elementor-heading-title elementor-size-default\">Etiqueta de traje de golfe em Blue Bay<\/h2>\t\t\t\t<\/div>\n\t\t\t\t<\/div>\n\t\t\t\t<div class=\"elementor-element elementor-element-281372c elementor-widget elementor-widget-text-editor\" data-id=\"281372c\" data-element_type=\"widget\" data-e-type=\"widget\" data-widget_type=\"text-editor.default\">\n\t\t\t\t<div class=\"elementor-widget-container\">\n\t\t\t\t\t\t\t\t\t<p>Ao jogar golfe, h\u00e1 etiqueta sobre como se comportar no campo de golfe, mas tamb\u00e9m h\u00e1 etiqueta para as roupas. Aqui voc\u00ea pode ver exemplos de trajes de golfe adequados.<\/p><ul><li>Use uma camisa de golfe com colarinho. Evite camisetas.<\/li><li>N\u00e3o \u00e9 permitido usar jeans. Use cal\u00e7as, shorts ou saias de golfe.<\/li><li>Shorts s\u00e3o permitidos, mas n\u00e3o muito curtos.<\/li><li>Use cal\u00e7ados apropriados para golfe (n\u00e3o s\u00e3o permitidas pontas de metal).<\/li><li>Use um chap\u00e9u ou bon\u00e9, tamb\u00e9m para se proteger do sol.<\/li><\/ul><p>Todas as roupas aceit\u00e1veis podem ser compradas em nosso Golf Pro Shop.<\/p>\t\t\t\t\t\t\t\t<\/div>\n\t\t\t\t<\/div>\n\t\t\t\t\t<\/div>\n\t\t<\/div>\n\t\t\t\t\t<\/div>\n\t\t<\/section>\n\t\t\t\t<section class=\"elementor-section elementor-top-section elementor-element elementor-element-871a1c2 elementor-hidden-desktop elementor-hidden-tablet elementor-section-boxed elementor-section-height-default elementor-section-height-default\" data-id=\"871a1c2\" data-element_type=\"section\" data-e-type=\"section\">\n\t\t\t\t\t\t<div class=\"elementor-container elementor-column-gap-default\">\n\t\t\t\t\t<div class=\"elementor-column elementor-col-100 elementor-top-column elementor-element elementor-element-a08af26\" data-id=\"a08af26\" data-element_type=\"column\" data-e-type=\"column\">\n\t\t\t<div class=\"elementor-widget-wrap elementor-element-populated\">\n\t\t\t\t\t\t<div class=\"elementor-element elementor-element-7ef8ab1 elementor-mobile-align-center elementor-widget elementor-widget-button\" data-id=\"7ef8ab1\" data-element_type=\"widget\" data-e-type=\"widget\" data-widget_type=\"button.default\">\n\t\t\t\t<div class=\"elementor-widget-container\">\n\t\t\t\t\t\t\t\t\t<div class=\"elementor-button-wrapper\">\n\t\t\t\t\t<a class=\"elementor-button elementor-button-link elementor-size-sm\" href=\"https:\/\/www.bluebay-curacao.com\/activities\/golf\" target=\"_blank\">\n\t\t\t\t\t\t<span class=\"elementor-button-content-wrapper\">\n\t\t\t\t\t\t\t\t\t<span class=\"elementor-button-text\">Mais sobre o blue bay golf<\/span>\n\t\t\t\t\t<\/span>\n\t\t\t\t\t<\/a>\n\t\t\t\t<\/div>\n\t\t\t\t\t\t\t\t<\/div>\n\t\t\t\t<\/div>\n\t\t\t\t\t<\/div>\n\t\t<\/div>\n\t\t\t\t\t<\/div>\n\t\t<\/section>\n\t\t\t\t<section class=\"elementor-section elementor-top-section elementor-element elementor-element-1c79ae2 elementor-section-height-full elementor-hidden-mobile elementor-section-boxed elementor-section-height-default elementor-section-items-middle\" data-id=\"1c79ae2\" data-element_type=\"section\" data-e-type=\"section\" data-settings=\"{&quot;background_background&quot;:&quot;classic&quot;}\">\n\t\t\t\t\t\t<div class=\"elementor-container elementor-column-gap-default\">\n\t\t\t\t\t<div class=\"elementor-column elementor-col-100 elementor-top-column elementor-element elementor-element-b9841ca\" data-id=\"b9841ca\" data-element_type=\"column\" data-e-type=\"column\">\n\t\t\t<div class=\"elementor-widget-wrap elementor-element-populated\">\n\t\t\t\t\t\t<div class=\"elementor-element elementor-element-b4469e2 elementor-position-top elementor-widget elementor-widget-image-box\" data-id=\"b4469e2\" data-element_type=\"widget\" data-e-type=\"widget\" data-widget_type=\"image-box.default\">\n\t\t\t\t<div class=\"elementor-widget-container\">\n\t\t\t\t\t<div class=\"elementor-image-box-wrapper\"><figure class=\"elementor-image-box-img\"><img decoding=\"async\" width=\"600\" height=\"600\" src=\"https:\/\/info.bluebay-curacao.com\/wp-content\/uploads\/2024\/12\/QR-Code-info.BlueBay.png\" class=\"attachment-full size-full wp-image-2408\" alt=\"\" srcset=\"https:\/\/info.bluebay-curacao.com\/wp-content\/uploads\/2024\/12\/QR-Code-info.BlueBay.png 600w, https:\/\/info.bluebay-curacao.com\/wp-content\/uploads\/2024\/12\/QR-Code-info.BlueBay-300x300.png 300w, https:\/\/info.bluebay-curacao.com\/wp-content\/uploads\/2024\/12\/QR-Code-info.BlueBay-150x150.png 150w, https:\/\/info.bluebay-curacao.com\/wp-content\/uploads\/2024\/12\/QR-Code-info.BlueBay-12x12.png 12w\" sizes=\"(max-width: 600px) 100vw, 600px\" \/><\/figure><div class=\"elementor-image-box-content\"><h3 class=\"elementor-image-box-title\">Leia o c\u00f3digo QR para visualizar o site no celular<\/h3><\/div><\/div>\t\t\t\t<\/div>\n\t\t\t\t<\/div>\n\t\t\t\t\t<\/div>\n\t\t<\/div>\n\t\t\t\t\t<\/div>\n\t\t<\/section>\n\t\t\t\t<\/div>","protected":false},"excerpt":{"rendered":"<p>Blue Bay Golf All guests receive a discount on the green fee at Blue Bay Resort\u2019s premier 18-hole golf course. With breathtaking ocean views and challenging terrain, this course is [&hellip;]<\/p>\n","protected":false},"author":3,"featured_media":0,"parent":367,"menu_order":0,"comment_status":"closed","ping_status":"closed","template":"elementor_header_footer","meta":{"footnotes":""},"class_list":["post-575","page","type-page","status-publish","hentry"],"_links":{"self":[{"href":"https:\/\/info.bluebay-curacao.com\/pt\/wp-json\/wp\/v2\/pages\/575","targetHints":{"allow":["GET"]}}],"collection":[{"href":"https:\/\/info.bluebay-curacao.com\/pt\/wp-json\/wp\/v2\/pages"}],"about":[{"href":"https:\/\/info.bluebay-curacao.com\/pt\/wp-json\/wp\/v2\/types\/page"}],"author":[{"embeddable":true,"href":"https:\/\/info.bluebay-curacao.com\/pt\/wp-json\/wp\/v2\/users\/3"}],"replies":[{"embeddable":true,"href":"https:\/\/info.bluebay-curacao.com\/pt\/wp-json\/wp\/v2\/comments?post=575"}],"version-history":[{"count":22,"href":"https:\/\/info.bluebay-curacao.com\/pt\/wp-json\/wp\/v2\/pages\/575\/revisions"}],"predecessor-version":[{"id":3565,"href":"https:\/\/info.bluebay-curacao.com\/pt\/wp-json\/wp\/v2\/pages\/575\/revisions\/3565"}],"up":[{"embeddable":true,"href":"https:\/\/info.bluebay-curacao.com\/pt\/wp-json\/wp\/v2\/pages\/367"}],"wp:attachment":[{"href":"https:\/\/info.bluebay-curacao.com\/pt\/wp-json\/wp\/v2\/media?parent=575"}],"curies":[{"name":"wp","href":"https:\/\/api.w.org\/{rel}","templated":true}]}}