{"id":3479,"date":"2025-03-28T15:41:56","date_gmt":"2025-03-28T19:41:56","guid":{"rendered":"https:\/\/info.bluebay-curacao.com\/?page_id=3479"},"modified":"2025-03-28T15:44:39","modified_gmt":"2025-03-28T19:44:39","slug":"grocery-delivery","status":"publish","type":"page","link":"https:\/\/info.bluebay-curacao.com\/pt\/hotel-information\/grocery-delivery\/","title":{"rendered":"Entrega de supermercado"},"content":{"rendered":"<div data-elementor-type=\"wp-post\" data-elementor-id=\"3479\" class=\"elementor elementor-3479\" data-elementor-post-type=\"page\">\n\t\t\t\t\t\t<section class=\"elementor-section elementor-top-section elementor-element elementor-element-a17c14e elementor-hidden-desktop elementor-hidden-tablet elementor-section-boxed elementor-section-height-default elementor-section-height-default\" data-id=\"a17c14e\" data-element_type=\"section\" data-e-type=\"section\">\n\t\t\t\t\t\t<div class=\"elementor-container elementor-column-gap-default\">\n\t\t\t\t\t<div class=\"elementor-column elementor-col-100 elementor-top-column elementor-element elementor-element-f6b5dcd\" data-id=\"f6b5dcd\" data-element_type=\"column\" data-e-type=\"column\">\n\t\t\t<div class=\"elementor-widget-wrap elementor-element-populated\">\n\t\t\t\t\t\t<div class=\"elementor-element elementor-element-010064a elementor-cta--skin-cover elementor-widget elementor-widget-call-to-action\" data-id=\"010064a\" data-element_type=\"widget\" data-e-type=\"widget\" data-widget_type=\"call-to-action.default\">\n\t\t\t\t<div class=\"elementor-widget-container\">\n\t\t\t\t\t\t\t<div class=\"elementor-cta\">\n\t\t\t\t\t<div class=\"elementor-cta__bg-wrapper\">\n\t\t\t\t<div class=\"elementor-cta__bg elementor-bg\" style=\"background-image: url();\" role=\"img\" aria-label=\"\"><\/div>\n\t\t\t\t<div class=\"elementor-cta__bg-overlay\"><\/div>\n\t\t\t<\/div>\n\t\t\t\t\t\t\t<div class=\"elementor-cta__content\">\n\t\t\t\t\n\t\t\t\t\t\t\t\t\t<h2 class=\"elementor-cta__title elementor-cta__content-item elementor-content-item\">\n\t\t\t\t\t\tEntrega de supermercado\t\t\t\t\t<\/h2>\n\t\t\t\t\n\t\t\t\t\t\t\t\t\t<div class=\"elementor-cta__description elementor-cta__content-item elementor-content-item\">\n\t\t\t\t\t\tAproveite a conveni\u00eancia de ter seus mantimentos entregues diretamente em sua acomoda\u00e7\u00e3o no Blue Bay! Com a Pidii, voc\u00ea pode encomendar facilmente tudo o que precisa on-line. De produtos frescos e lanches a bebidas e itens essenciais para a casa, e receb\u00ea-los diretamente em sua acomoda\u00e7\u00e3o no Blue Bay ou retir\u00e1-los em nossa recep\u00e7\u00e3o.\n\nN\u00e3o h\u00e1 necessidade de fazer compras no supermercado. Apenas relaxe e aproveite seu tempo no para\u00edso! Fa\u00e7a seu pedido no site da Pidii e deixe que a conveni\u00eancia chegue at\u00e9 voc\u00ea.\t\t\t\t\t<\/div>\n\t\t\t\t\n\t\t\t\t\t\t\t\t\t<div class=\"elementor-cta__button-wrapper elementor-cta__content-item elementor-content-item\">\n\t\t\t\t\t<a class=\"elementor-cta__button elementor-button elementor-size-\" href=\"https:\/\/pidii-now.com\/?ref=42\" target=\"_blank\">\n\t\t\t\t\t\tFa\u00e7a seu pedido aqui\t\t\t\t\t<\/a>\n\t\t\t\t\t<\/div>\n\t\t\t\t\t\t\t<\/div>\n\t\t\t\t\t\t<\/div>\n\t\t\t\t\t\t<\/div>\n\t\t\t\t<\/div>\n\t\t\t\t\t<\/div>\n\t\t<\/div>\n\t\t\t\t\t<\/div>\n\t\t<\/section>\n\t\t\t\t<section class=\"elementor-section elementor-top-section elementor-element elementor-element-9bbff95 elementor-hidden-desktop elementor-hidden-tablet elementor-section-boxed elementor-section-height-default elementor-section-height-default\" data-id=\"9bbff95\" data-element_type=\"section\" data-e-type=\"section\">\n\t\t\t\t\t\t<div class=\"elementor-container elementor-column-gap-default\">\n\t\t\t\t\t<div class=\"elementor-column elementor-col-100 elementor-top-column elementor-element elementor-element-b022ffb\" data-id=\"b022ffb\" data-element_type=\"column\" data-e-type=\"column\">\n\t\t\t<div class=\"elementor-widget-wrap\">\n\t\t\t\t\t\t\t<\/div>\n\t\t<\/div>\n\t\t\t\t\t<\/div>\n\t\t<\/section>\n\t\t\t\t<section class=\"elementor-section elementor-top-section elementor-element elementor-element-e28b2d5 elementor-section-height-full elementor-hidden-mobile elementor-section-stretched elementor-section-boxed elementor-section-height-default elementor-section-items-middle\" data-id=\"e28b2d5\" data-element_type=\"section\" data-e-type=\"section\" data-settings=\"{&quot;background_background&quot;:&quot;classic&quot;,&quot;stretch_section&quot;:&quot;section-stretched&quot;}\">\n\t\t\t\t\t\t<div class=\"elementor-container elementor-column-gap-default\">\n\t\t\t\t\t<div class=\"elementor-column elementor-col-100 elementor-top-column elementor-element elementor-element-c9dca9c\" data-id=\"c9dca9c\" data-element_type=\"column\" data-e-type=\"column\">\n\t\t\t<div class=\"elementor-widget-wrap elementor-element-populated\">\n\t\t\t\t\t\t<div class=\"elementor-element elementor-element-b05cc53 elementor-widget elementor-widget-html\" data-id=\"b05cc53\" data-element_type=\"widget\" data-e-type=\"widget\" data-widget_type=\"html.default\">\n\t\t\t\t<div class=\"elementor-widget-container\">\n\t\t\t\t\t<div style=\"width: 375px; height: 667px; border: 0px solid #ccc; margin: 0 auto; overflow: hidden;\">\n    <iframe src=\"https:\/\/info.bluebay-curacao.com\/hotel-information\/grocery-delivery\/\" style=\"width: 375px; height: 667px; border: 7px solid black; border-radius: 20px;\"><\/iframe>\n<\/div>\n\t\t\t\t<\/div>\n\t\t\t\t<\/div>\n\t\t\t\t\t<\/div>\n\t\t<\/div>\n\t\t\t\t\t<\/div>\n\t\t<\/section>\n\t\t\t\t<\/div>","protected":false},"excerpt":{"rendered":"<p>Nossa equipe dedicada est\u00e1 aqui para ajud\u00e1-lo a aproveitar ao m\u00e1ximo o seu tempo conosco.<\/p>\n<p>Se precisar de recomenda\u00e7\u00f5es de restaurantes locais, assist\u00eancia para reservar passeios ou transporte, ou ajuda com qualquer solicita\u00e7\u00e3o especial, estamos \u00e0 sua disposi\u00e7\u00e3o. Nenhuma solicita\u00e7\u00e3o \u00e9 grande ou pequena demais - deixe-nos cuidar dos detalhes para que voc\u00ea possa relaxar e aproveitar sua estadia.<\/p>\n<p>Voc\u00ea pode entrar em contato conosco por WhatsApp, correio ou visitando-nos na casa de planta\u00e7\u00e3o. O hor\u00e1rio de funcionamento do escrit\u00f3rio de atendimento \u00e9 das 07h00 \u00e0s 21h00, sete dias por semana. Observe que nosso escrit\u00f3rio de atendimento n\u00e3o aceita dinheiro. <\/p>","protected":false},"author":3,"featured_media":0,"parent":148,"menu_order":0,"comment_status":"closed","ping_status":"closed","template":"elementor_header_footer","meta":{"footnotes":""},"class_list":["post-3479","page","type-page","status-publish","hentry"],"_links":{"self":[{"href":"https:\/\/info.bluebay-curacao.com\/pt\/wp-json\/wp\/v2\/pages\/3479","targetHints":{"allow":["GET"]}}],"collection":[{"href":"https:\/\/info.bluebay-curacao.com\/pt\/wp-json\/wp\/v2\/pages"}],"about":[{"href":"https:\/\/info.bluebay-curacao.com\/pt\/wp-json\/wp\/v2\/types\/page"}],"author":[{"embeddable":true,"href":"https:\/\/info.bluebay-curacao.com\/pt\/wp-json\/wp\/v2\/users\/3"}],"replies":[{"embeddable":true,"href":"https:\/\/info.bluebay-curacao.com\/pt\/wp-json\/wp\/v2\/comments?post=3479"}],"version-history":[{"count":7,"href":"https:\/\/info.bluebay-curacao.com\/pt\/wp-json\/wp\/v2\/pages\/3479\/revisions"}],"predecessor-version":[{"id":3486,"href":"https:\/\/info.bluebay-curacao.com\/pt\/wp-json\/wp\/v2\/pages\/3479\/revisions\/3486"}],"up":[{"embeddable":true,"href":"https:\/\/info.bluebay-curacao.com\/pt\/wp-json\/wp\/v2\/pages\/148"}],"wp:attachment":[{"href":"https:\/\/info.bluebay-curacao.com\/pt\/wp-json\/wp\/v2\/media?parent=3479"}],"curies":[{"name":"wp","href":"https:\/\/api.w.org\/{rel}","templated":true}]}}