{"id":333,"date":"2024-08-16T00:57:31","date_gmt":"2024-08-16T00:57:31","guid":{"rendered":"https:\/\/info.bluebay-curacao.com\/?page_id=333"},"modified":"2024-12-18T15:12:49","modified_gmt":"2024-12-18T19:12:49","slug":"kids","status":"publish","type":"page","link":"https:\/\/info.bluebay-curacao.com\/pt\/kids\/","title":{"rendered":"Crian\u00e7as"},"content":{"rendered":"<div data-elementor-type=\"wp-post\" data-elementor-id=\"333\" class=\"elementor elementor-333\" data-elementor-post-type=\"page\">\n\t\t\t\t\t\t<section class=\"elementor-section elementor-top-section elementor-element elementor-element-6b3581c elementor-hidden-desktop elementor-hidden-tablet elementor-section-boxed elementor-section-height-default elementor-section-height-default\" data-id=\"6b3581c\" data-element_type=\"section\" data-e-type=\"section\">\n\t\t\t\t\t\t<div class=\"elementor-container elementor-column-gap-default\">\n\t\t\t\t\t<div class=\"elementor-column elementor-col-100 elementor-top-column elementor-element elementor-element-d1a4de9\" data-id=\"d1a4de9\" data-element_type=\"column\" data-e-type=\"column\">\n\t\t\t<div class=\"elementor-widget-wrap elementor-element-populated\">\n\t\t\t\t\t\t<div class=\"elementor-element elementor-element-4324703 elementor-cta--skin-cover elementor-widget elementor-widget-call-to-action\" data-id=\"4324703\" data-element_type=\"widget\" data-e-type=\"widget\" data-widget_type=\"call-to-action.default\">\n\t\t\t\t<div class=\"elementor-widget-container\">\n\t\t\t\t\t\t\t<div class=\"elementor-cta\">\n\t\t\t\t\t<div class=\"elementor-cta__bg-wrapper\">\n\t\t\t\t<div class=\"elementor-cta__bg elementor-bg\" style=\"background-image: url();\" role=\"img\" aria-label=\"\"><\/div>\n\t\t\t\t<div class=\"elementor-cta__bg-overlay\"><\/div>\n\t\t\t<\/div>\n\t\t\t\t\t\t\t<div class=\"elementor-cta__content\">\n\t\t\t\t\n\t\t\t\t\t\t\t\t\t<h2 class=\"elementor-cta__title elementor-cta__content-item elementor-content-item\">\n\t\t\t\t\t\tCrian\u00e7as\t\t\t\t\t<\/h2>\n\t\t\t\t\n\t\t\t\t\t\t\t\t\t<div class=\"elementor-cta__description elementor-cta__content-item elementor-content-item\">\n\t\t\t\t\t\tO Blue Bay Cura\u00e7ao oferece uma ampla gama de atividades para manter as crian\u00e7as entretidas durante a estadia. Elas podem explorar o fascinante mundo subaqu\u00e1tico de Cura\u00e7ao fazendo snorkel ou mergulho, ou se divertir na praia construindo castelos de areia e brincando nas \u00e1guas rasas. E quando terminarem de nadar, as crian\u00e7as podem continuar a divers\u00e3o no incr\u00edvel playground.\t\t\t\t\t<\/div>\n\t\t\t\t\n\t\t\t\t\t\t\t<\/div>\n\t\t\t\t\t\t<\/div>\n\t\t\t\t\t\t<\/div>\n\t\t\t\t<\/div>\n\t\t\t\t\t<\/div>\n\t\t<\/div>\n\t\t\t\t\t<\/div>\n\t\t<\/section>\n\t\t\t\t<section class=\"elementor-section elementor-top-section elementor-element elementor-element-8e8ac58 elementor-hidden-desktop elementor-hidden-tablet elementor-section-boxed elementor-section-height-default elementor-section-height-default\" data-id=\"8e8ac58\" data-element_type=\"section\" data-e-type=\"section\">\n\t\t\t\t\t\t<div class=\"elementor-container elementor-column-gap-default\">\n\t\t\t\t\t<div class=\"elementor-column elementor-col-100 elementor-top-column elementor-element elementor-element-5fdb1e6\" data-id=\"5fdb1e6\" data-element_type=\"column\" data-e-type=\"column\">\n\t\t\t<div class=\"elementor-widget-wrap elementor-element-populated\">\n\t\t\t\t\t\t<div class=\"elementor-element elementor-element-2b5f763 elementor-widget elementor-widget-image\" data-id=\"2b5f763\" data-element_type=\"widget\" data-e-type=\"widget\" data-widget_type=\"image.default\">\n\t\t\t\t<div class=\"elementor-widget-container\">\n\t\t\t\t\t\t\t\t\t\t\t\t\t\t\t<img fetchpriority=\"high\" decoding=\"async\" width=\"800\" height=\"800\" src=\"https:\/\/info.bluebay-curacao.com\/wp-content\/uploads\/2024\/11\/Kids-Blue-Bay-1024x1024.jpg\" class=\"attachment-large size-large wp-image-1962\" alt=\"\" srcset=\"https:\/\/info.bluebay-curacao.com\/wp-content\/uploads\/2024\/11\/Kids-Blue-Bay-1024x1024.jpg 1024w, https:\/\/info.bluebay-curacao.com\/wp-content\/uploads\/2024\/11\/Kids-Blue-Bay-300x300.jpg 300w, https:\/\/info.bluebay-curacao.com\/wp-content\/uploads\/2024\/11\/Kids-Blue-Bay-150x150.jpg 150w, https:\/\/info.bluebay-curacao.com\/wp-content\/uploads\/2024\/11\/Kids-Blue-Bay-768x768.jpg 768w, https:\/\/info.bluebay-curacao.com\/wp-content\/uploads\/2024\/11\/Kids-Blue-Bay-12x12.jpg 12w, https:\/\/info.bluebay-curacao.com\/wp-content\/uploads\/2024\/11\/Kids-Blue-Bay.jpg 1080w\" sizes=\"(max-width: 800px) 100vw, 800px\" \/>\t\t\t\t\t\t\t\t\t\t\t\t\t\t\t<\/div>\n\t\t\t\t<\/div>\n\t\t\t\t\t<\/div>\n\t\t<\/div>\n\t\t\t\t\t<\/div>\n\t\t<\/section>\n\t\t\t\t<section class=\"elementor-section elementor-top-section elementor-element elementor-element-caa0fe9 elementor-hidden-desktop elementor-hidden-tablet elementor-section-boxed elementor-section-height-default elementor-section-height-default\" data-id=\"caa0fe9\" data-element_type=\"section\" data-e-type=\"section\">\n\t\t\t\t\t\t<div class=\"elementor-container elementor-column-gap-default\">\n\t\t\t\t\t<div class=\"elementor-column elementor-col-100 elementor-top-column elementor-element elementor-element-244d454\" data-id=\"244d454\" data-element_type=\"column\" data-e-type=\"column\">\n\t\t\t<div class=\"elementor-widget-wrap elementor-element-populated\">\n\t\t\t\t\t\t<div class=\"elementor-element elementor-element-9088baf elementor-widget elementor-widget-heading\" data-id=\"9088baf\" data-element_type=\"widget\" data-e-type=\"widget\" data-widget_type=\"heading.default\">\n\t\t\t\t<div class=\"elementor-widget-container\">\n\t\t\t\t\t<h2 class=\"elementor-heading-title elementor-size-default\">Playground<\/h2>\t\t\t\t<\/div>\n\t\t\t\t<\/div>\n\t\t\t\t<div class=\"elementor-element elementor-element-5d02b3d elementor-widget elementor-widget-text-editor\" data-id=\"5d02b3d\" data-element_type=\"widget\" data-e-type=\"widget\" data-widget_type=\"text-editor.default\">\n\t\t\t\t<div class=\"elementor-widget-container\">\n\t\t\t\t\t\t\t\t\t<p>O playground \u00e9 o local perfeito para as crian\u00e7as se divertirem e se manterem ativas durante as f\u00e9rias. Com uma variedade de equipamentos e atividades l\u00fadicas, h\u00e1 algo para todas as crian\u00e7as aproveitarem. De balan\u00e7os e escorregadores a estruturas de escalada, o playground oferece horas de aventura e emo\u00e7\u00e3o.<\/p>\t\t\t\t\t\t\t\t<\/div>\n\t\t\t\t<\/div>\n\t\t\t\t\t<\/div>\n\t\t<\/div>\n\t\t\t\t\t<\/div>\n\t\t<\/section>\n\t\t\t\t<section class=\"elementor-section elementor-top-section elementor-element elementor-element-937f683 elementor-hidden-desktop elementor-hidden-tablet elementor-section-boxed elementor-section-height-default elementor-section-height-default\" data-id=\"937f683\" data-element_type=\"section\" data-e-type=\"section\">\n\t\t\t\t\t\t<div class=\"elementor-container elementor-column-gap-default\">\n\t\t\t\t\t<div class=\"elementor-column elementor-col-100 elementor-top-column elementor-element elementor-element-baa5a10\" data-id=\"baa5a10\" data-element_type=\"column\" data-e-type=\"column\">\n\t\t\t<div class=\"elementor-widget-wrap elementor-element-populated\">\n\t\t\t\t\t\t<div class=\"elementor-element elementor-element-1605ee7 elementor-widget elementor-widget-image\" data-id=\"1605ee7\" data-element_type=\"widget\" data-e-type=\"widget\" data-widget_type=\"image.default\">\n\t\t\t\t<div class=\"elementor-widget-container\">\n\t\t\t\t\t\t\t\t\t\t\t\t\t\t\t<img decoding=\"async\" width=\"800\" height=\"630\" src=\"https:\/\/info.bluebay-curacao.com\/wp-content\/uploads\/2024\/08\/Playground-Blue-Bay-1024x807.jpg\" class=\"attachment-large size-large wp-image-555\" alt=\"\" srcset=\"https:\/\/info.bluebay-curacao.com\/wp-content\/uploads\/2024\/08\/Playground-Blue-Bay-1024x807.jpg 1024w, https:\/\/info.bluebay-curacao.com\/wp-content\/uploads\/2024\/08\/Playground-Blue-Bay-300x236.jpg 300w, https:\/\/info.bluebay-curacao.com\/wp-content\/uploads\/2024\/08\/Playground-Blue-Bay-768x605.jpg 768w, https:\/\/info.bluebay-curacao.com\/wp-content\/uploads\/2024\/08\/Playground-Blue-Bay.jpg 1400w\" sizes=\"(max-width: 800px) 100vw, 800px\" \/>\t\t\t\t\t\t\t\t\t\t\t\t\t\t\t<\/div>\n\t\t\t\t<\/div>\n\t\t\t\t\t<\/div>\n\t\t<\/div>\n\t\t\t\t\t<\/div>\n\t\t<\/section>\n\t\t\t\t<section class=\"elementor-section elementor-top-section elementor-element elementor-element-f8ed786 elementor-hidden-desktop elementor-hidden-tablet elementor-section-boxed elementor-section-height-default elementor-section-height-default\" data-id=\"f8ed786\" data-element_type=\"section\" data-e-type=\"section\">\n\t\t\t\t\t\t<div class=\"elementor-container elementor-column-gap-default\">\n\t\t\t\t\t<div class=\"elementor-column elementor-col-100 elementor-top-column elementor-element elementor-element-6ecfea0\" data-id=\"6ecfea0\" data-element_type=\"column\" data-e-type=\"column\">\n\t\t\t<div class=\"elementor-widget-wrap elementor-element-populated\">\n\t\t\t\t\t\t<div class=\"elementor-element elementor-element-b1aa744 elementor-widget elementor-widget-heading\" data-id=\"b1aa744\" data-element_type=\"widget\" data-e-type=\"widget\" data-widget_type=\"heading.default\">\n\t\t\t\t<div class=\"elementor-widget-container\">\n\t\t\t\t\t<h2 class=\"elementor-heading-title elementor-size-default\">Mergulho e praia<\/h2>\t\t\t\t<\/div>\n\t\t\t\t<\/div>\n\t\t\t\t<div class=\"elementor-element elementor-element-1698a59 elementor-widget elementor-widget-text-editor\" data-id=\"1698a59\" data-element_type=\"widget\" data-e-type=\"widget\" data-widget_type=\"text-editor.default\">\n\t\t\t\t<div class=\"elementor-widget-container\">\n\t\t\t\t\t\t\t\t\tVisite a Dive &amp; Beach Store em Blue Bay Beach para as melhores aventuras de esportes aqu\u00e1ticos! Voc\u00ea encontrar\u00e1 uma loja repleta de roupas de banho, equipamentos de praia, de mergulho com snorkel e de mergulho para crian\u00e7as. Voc\u00ea tamb\u00e9m pode reservar caiaques, catamar\u00e3s e passeios de barco. Embarque em uma emocionante viagem de pesca, desfrute de um cruzeiro ao p\u00f4r do sol ou experimente o wakeboard. Sinta-se \u00e0 vontade para perguntar sobre todas as op\u00e7\u00f5es dispon\u00edveis. Descubra a divers\u00e3o dos esportes aqu\u00e1ticos na Dive &amp; Beach Store!\n\t\t\t\t\t\t\t\t<\/div>\n\t\t\t\t<\/div>\n\t\t\t\t\t<\/div>\n\t\t<\/div>\n\t\t\t\t\t<\/div>\n\t\t<\/section>\n\t\t\t\t<section class=\"elementor-section elementor-top-section elementor-element elementor-element-0cd9422 elementor-section-height-full elementor-hidden-mobile elementor-section-boxed elementor-section-height-default elementor-section-items-middle\" data-id=\"0cd9422\" data-element_type=\"section\" data-e-type=\"section\" data-settings=\"{&quot;background_background&quot;:&quot;classic&quot;}\">\n\t\t\t\t\t\t<div class=\"elementor-container elementor-column-gap-default\">\n\t\t\t\t\t<div class=\"elementor-column elementor-col-100 elementor-top-column elementor-element elementor-element-e64eee5\" data-id=\"e64eee5\" data-element_type=\"column\" data-e-type=\"column\">\n\t\t\t<div class=\"elementor-widget-wrap elementor-element-populated\">\n\t\t\t\t\t\t<div class=\"elementor-element elementor-element-f364743 elementor-position-top elementor-widget elementor-widget-image-box\" data-id=\"f364743\" data-element_type=\"widget\" data-e-type=\"widget\" data-widget_type=\"image-box.default\">\n\t\t\t\t<div class=\"elementor-widget-container\">\n\t\t\t\t\t<div class=\"elementor-image-box-wrapper\"><figure class=\"elementor-image-box-img\"><img decoding=\"async\" width=\"600\" height=\"600\" src=\"https:\/\/info.bluebay-curacao.com\/wp-content\/uploads\/2024\/12\/QR-Code-info.BlueBay.png\" class=\"attachment-full size-full wp-image-2408\" alt=\"\" srcset=\"https:\/\/info.bluebay-curacao.com\/wp-content\/uploads\/2024\/12\/QR-Code-info.BlueBay.png 600w, https:\/\/info.bluebay-curacao.com\/wp-content\/uploads\/2024\/12\/QR-Code-info.BlueBay-300x300.png 300w, https:\/\/info.bluebay-curacao.com\/wp-content\/uploads\/2024\/12\/QR-Code-info.BlueBay-150x150.png 150w, https:\/\/info.bluebay-curacao.com\/wp-content\/uploads\/2024\/12\/QR-Code-info.BlueBay-12x12.png 12w\" sizes=\"(max-width: 600px) 100vw, 600px\" \/><\/figure><div class=\"elementor-image-box-content\"><h3 class=\"elementor-image-box-title\">Leia o c\u00f3digo QR para visualizar o site no celular<\/h3><\/div><\/div>\t\t\t\t<\/div>\n\t\t\t\t<\/div>\n\t\t\t\t\t<\/div>\n\t\t<\/div>\n\t\t\t\t\t<\/div>\n\t\t<\/section>\n\t\t\t\t<\/div>","protected":false},"excerpt":{"rendered":"<p>O Blue Bay Cura\u00e7ao oferece uma ampla gama de atividades para manter as crian\u00e7as entretidas durante a estadia. Elas podem explorar o fascinante mundo subaqu\u00e1tico de Cura\u00e7ao fazendo snorkel ou mergulho, ou se divertir na praia construindo castelos de areia e brincando nas \u00e1guas rasas. E quando terminarem de nadar, as crian\u00e7as podem continuar a divers\u00e3o no incr\u00edvel playground.<\/p>","protected":false},"author":3,"featured_media":0,"parent":0,"menu_order":0,"comment_status":"closed","ping_status":"closed","template":"elementor_header_footer","meta":{"footnotes":""},"class_list":["post-333","page","type-page","status-publish","hentry"],"_links":{"self":[{"href":"https:\/\/info.bluebay-curacao.com\/pt\/wp-json\/wp\/v2\/pages\/333","targetHints":{"allow":["GET"]}}],"collection":[{"href":"https:\/\/info.bluebay-curacao.com\/pt\/wp-json\/wp\/v2\/pages"}],"about":[{"href":"https:\/\/info.bluebay-curacao.com\/pt\/wp-json\/wp\/v2\/types\/page"}],"author":[{"embeddable":true,"href":"https:\/\/info.bluebay-curacao.com\/pt\/wp-json\/wp\/v2\/users\/3"}],"replies":[{"embeddable":true,"href":"https:\/\/info.bluebay-curacao.com\/pt\/wp-json\/wp\/v2\/comments?post=333"}],"version-history":[{"count":22,"href":"https:\/\/info.bluebay-curacao.com\/pt\/wp-json\/wp\/v2\/pages\/333\/revisions"}],"predecessor-version":[{"id":3207,"href":"https:\/\/info.bluebay-curacao.com\/pt\/wp-json\/wp\/v2\/pages\/333\/revisions\/3207"}],"wp:attachment":[{"href":"https:\/\/info.bluebay-curacao.com\/pt\/wp-json\/wp\/v2\/media?parent=333"}],"curies":[{"name":"wp","href":"https:\/\/api.w.org\/{rel}","templated":true}]}}