{"id":2705,"date":"2024-12-04T16:14:55","date_gmt":"2024-12-04T20:14:55","guid":{"rendered":"https:\/\/info.bluebay-curacao.com\/?page_id=2705"},"modified":"2024-12-04T16:17:35","modified_gmt":"2024-12-04T20:17:35","slug":"klein-curacao","status":"publish","type":"page","link":"https:\/\/info.bluebay-curacao.com\/pt\/surroundings\/klein-curacao\/","title":{"rendered":"Klein Cura\u00e7ao"},"content":{"rendered":"<div data-elementor-type=\"wp-post\" data-elementor-id=\"2705\" class=\"elementor elementor-2705\" data-elementor-post-type=\"page\">\n\t\t\t\t\t\t<section class=\"elementor-section elementor-top-section elementor-element elementor-element-a17c14e elementor-hidden-desktop elementor-hidden-tablet elementor-section-boxed elementor-section-height-default elementor-section-height-default\" data-id=\"a17c14e\" data-element_type=\"section\" data-e-type=\"section\">\n\t\t\t\t\t\t<div class=\"elementor-container elementor-column-gap-default\">\n\t\t\t\t\t<div class=\"elementor-column elementor-col-100 elementor-top-column elementor-element elementor-element-f6b5dcd\" data-id=\"f6b5dcd\" data-element_type=\"column\" data-e-type=\"column\">\n\t\t\t<div class=\"elementor-widget-wrap elementor-element-populated\">\n\t\t\t\t\t\t<div class=\"elementor-element elementor-element-010064a elementor-cta--skin-cover elementor-widget elementor-widget-call-to-action\" data-id=\"010064a\" data-element_type=\"widget\" data-e-type=\"widget\" data-widget_type=\"call-to-action.default\">\n\t\t\t\t<div class=\"elementor-widget-container\">\n\t\t\t\t\t\t\t<div class=\"elementor-cta\">\n\t\t\t\t\t<div class=\"elementor-cta__bg-wrapper\">\n\t\t\t\t<div class=\"elementor-cta__bg elementor-bg\" style=\"background-image: url();\" role=\"img\" aria-label=\"\"><\/div>\n\t\t\t\t<div class=\"elementor-cta__bg-overlay\"><\/div>\n\t\t\t<\/div>\n\t\t\t\t\t\t\t<div class=\"elementor-cta__content\">\n\t\t\t\t\n\t\t\t\t\t\t\t\t\t<h2 class=\"elementor-cta__title elementor-cta__content-item elementor-content-item\">\n\t\t\t\t\t\tKlein Cura\u00e7ao\t\t\t\t\t<\/h2>\n\t\t\t\t\n\t\t\t\t\t\t\t\t\t<div class=\"elementor-cta__description elementor-cta__content-item elementor-content-item\">\n\t\t\t\t\t\tKlein Cura\u00e7ao \u00e9 uma pequena ilha tropical desabitada com uma deslumbrante praia de areia branca, \u00e1guas azuis cristalinas, um recife espetacular e um mundo subaqu\u00e1tico de tirar o f\u00f4lego. Localizada a cerca de 10 quil\u00f4metros a sudeste de Cura\u00e7ao, esse ref\u00fagio id\u00edlico s\u00f3 pode ser alcan\u00e7ado de barco. A partir do Fisherman's Harbor, em Spanish Water, a viagem de barco \u00e9 de aproximadamente 27 quil\u00f4metros.\n\nA ilha se estende por cerca de 2 quil\u00f4metros quadrados, e voc\u00ea pode explorar toda a ilha a p\u00e9 em apenas duas horas. Sem d\u00favida, \u00e9 uma visita obrigat\u00f3ria durante suas f\u00e9rias em Cura\u00e7ao. Klein Cura\u00e7ao oferece tudo o que voc\u00ea sonha em uma ilha tropical e desabitada, e sua praia \u00e9 frequentemente considerada uma das mais belas do mundo.\n\nH\u00e1 v\u00e1rias operadoras que oferecem passeios di\u00e1rios para Klein Cura\u00e7ao, geralmente incluindo bebidas e um almo\u00e7o com churrasco. Sinta-se \u00e0 vontade para pedir recomenda\u00e7\u00f5es \u00e0 nossa recep\u00e7\u00e3o ou ajuda para reservar seu passeio perfeito!\n\n\n\n\n\t\t\t\t\t<\/div>\n\t\t\t\t\n\t\t\t\t\t\t\t<\/div>\n\t\t\t\t\t\t<\/div>\n\t\t\t\t\t\t<\/div>\n\t\t\t\t<\/div>\n\t\t\t\t\t<\/div>\n\t\t<\/div>\n\t\t\t\t\t<\/div>\n\t\t<\/section>\n\t\t\t\t<section class=\"elementor-section elementor-top-section elementor-element elementor-element-dae693a elementor-hidden-desktop elementor-hidden-tablet elementor-section-boxed elementor-section-height-default elementor-section-height-default\" data-id=\"dae693a\" data-element_type=\"section\" data-e-type=\"section\">\n\t\t\t\t\t\t<div class=\"elementor-container elementor-column-gap-default\">\n\t\t\t\t\t<div class=\"elementor-column elementor-col-100 elementor-top-column elementor-element elementor-element-444ecf2\" data-id=\"444ecf2\" data-element_type=\"column\" data-e-type=\"column\">\n\t\t\t<div class=\"elementor-widget-wrap elementor-element-populated\">\n\t\t\t\t\t\t<div class=\"elementor-element elementor-element-bffbaa4 elementor-widget elementor-widget-image\" data-id=\"bffbaa4\" data-element_type=\"widget\" data-e-type=\"widget\" data-widget_type=\"image.default\">\n\t\t\t\t<div class=\"elementor-widget-container\">\n\t\t\t\t\t\t\t\t\t\t\t\t\t\t\t<img fetchpriority=\"high\" decoding=\"async\" width=\"800\" height=\"566\" src=\"https:\/\/info.bluebay-curacao.com\/wp-content\/uploads\/2024\/12\/Klein-Curacao--1024x724.png\" class=\"attachment-large size-large wp-image-2706\" alt=\"\" srcset=\"https:\/\/info.bluebay-curacao.com\/wp-content\/uploads\/2024\/12\/Klein-Curacao--1024x724.png 1024w, https:\/\/info.bluebay-curacao.com\/wp-content\/uploads\/2024\/12\/Klein-Curacao--300x212.png 300w, https:\/\/info.bluebay-curacao.com\/wp-content\/uploads\/2024\/12\/Klein-Curacao--768x543.png 768w, https:\/\/info.bluebay-curacao.com\/wp-content\/uploads\/2024\/12\/Klein-Curacao--18x12.png 18w, https:\/\/info.bluebay-curacao.com\/wp-content\/uploads\/2024\/12\/Klein-Curacao-.png 1280w\" sizes=\"(max-width: 800px) 100vw, 800px\" \/>\t\t\t\t\t\t\t\t\t\t\t\t\t\t\t<\/div>\n\t\t\t\t<\/div>\n\t\t\t\t\t<\/div>\n\t\t<\/div>\n\t\t\t\t\t<\/div>\n\t\t<\/section>\n\t\t\t\t<section class=\"elementor-section elementor-top-section elementor-element elementor-element-43ee8e3 elementor-hidden-desktop elementor-hidden-tablet elementor-section-boxed elementor-section-height-default elementor-section-height-default\" data-id=\"43ee8e3\" data-element_type=\"section\" data-e-type=\"section\">\n\t\t\t\t\t\t<div class=\"elementor-container elementor-column-gap-default\">\n\t\t\t\t\t<div class=\"elementor-column elementor-col-100 elementor-top-column elementor-element elementor-element-d24dfa6\" data-id=\"d24dfa6\" data-element_type=\"column\" data-e-type=\"column\">\n\t\t\t<div class=\"elementor-widget-wrap\">\n\t\t\t\t\t\t\t<\/div>\n\t\t<\/div>\n\t\t\t\t\t<\/div>\n\t\t<\/section>\n\t\t\t\t<section class=\"elementor-section elementor-top-section elementor-element elementor-element-9bbff95 elementor-hidden-desktop elementor-hidden-tablet elementor-section-boxed elementor-section-height-default elementor-section-height-default\" data-id=\"9bbff95\" data-element_type=\"section\" data-e-type=\"section\">\n\t\t\t\t\t\t<div class=\"elementor-container elementor-column-gap-default\">\n\t\t\t\t\t<div class=\"elementor-column elementor-col-100 elementor-top-column elementor-element elementor-element-b022ffb\" data-id=\"b022ffb\" data-element_type=\"column\" data-e-type=\"column\">\n\t\t\t<div class=\"elementor-widget-wrap\">\n\t\t\t\t\t\t\t<\/div>\n\t\t<\/div>\n\t\t\t\t\t<\/div>\n\t\t<\/section>\n\t\t\t\t<section class=\"elementor-section elementor-top-section elementor-element elementor-element-8cde33d elementor-section-height-full elementor-hidden-mobile elementor-section-boxed elementor-section-height-default elementor-section-items-middle\" data-id=\"8cde33d\" data-element_type=\"section\" data-e-type=\"section\" data-settings=\"{&quot;background_background&quot;:&quot;classic&quot;}\">\n\t\t\t\t\t\t<div class=\"elementor-container elementor-column-gap-default\">\n\t\t\t\t\t<div class=\"elementor-column elementor-col-100 elementor-top-column elementor-element elementor-element-c31c849\" data-id=\"c31c849\" data-element_type=\"column\" data-e-type=\"column\">\n\t\t\t<div class=\"elementor-widget-wrap elementor-element-populated\">\n\t\t\t\t\t\t<div class=\"elementor-element elementor-element-1ec640a elementor-position-top elementor-widget elementor-widget-image-box\" data-id=\"1ec640a\" data-element_type=\"widget\" data-e-type=\"widget\" data-widget_type=\"image-box.default\">\n\t\t\t\t<div class=\"elementor-widget-container\">\n\t\t\t\t\t<div class=\"elementor-image-box-wrapper\"><figure class=\"elementor-image-box-img\"><img decoding=\"async\" width=\"600\" height=\"600\" src=\"https:\/\/info.bluebay-curacao.com\/wp-content\/uploads\/2024\/12\/QR-Code-info.BlueBay.png\" class=\"attachment-full size-full wp-image-2408\" alt=\"\" srcset=\"https:\/\/info.bluebay-curacao.com\/wp-content\/uploads\/2024\/12\/QR-Code-info.BlueBay.png 600w, https:\/\/info.bluebay-curacao.com\/wp-content\/uploads\/2024\/12\/QR-Code-info.BlueBay-300x300.png 300w, https:\/\/info.bluebay-curacao.com\/wp-content\/uploads\/2024\/12\/QR-Code-info.BlueBay-150x150.png 150w, https:\/\/info.bluebay-curacao.com\/wp-content\/uploads\/2024\/12\/QR-Code-info.BlueBay-12x12.png 12w\" sizes=\"(max-width: 600px) 100vw, 600px\" \/><\/figure><div class=\"elementor-image-box-content\"><h3 class=\"elementor-image-box-title\">Leia o c\u00f3digo QR para visualizar o site no celular<\/h3><\/div><\/div>\t\t\t\t<\/div>\n\t\t\t\t<\/div>\n\t\t\t\t\t<\/div>\n\t\t<\/div>\n\t\t\t\t\t<\/div>\n\t\t<\/section>\n\t\t\t\t<\/div>","protected":false},"excerpt":{"rendered":"<p>Klein Cura\u00e7ao \u00e9 uma pequena ilha tropical desabitada com uma deslumbrante praia de areia branca, \u00e1guas azuis cristalinas, um recife espetacular e um mundo subaqu\u00e1tico de tirar o f\u00f4lego. Localizada a cerca de 10 quil\u00f4metros a sudeste de Cura\u00e7ao, esse ref\u00fagio id\u00edlico s\u00f3 pode ser alcan\u00e7ado de barco. A partir do Fisherman's Harbor, em Spanish Water, a viagem de barco \u00e9 de aproximadamente 27 quil\u00f4metros.<\/p>\n<p>A ilha se estende por cerca de 2 quil\u00f4metros quadrados, e voc\u00ea pode explorar toda a ilha a p\u00e9 em apenas algumas horas. Sem d\u00favida, \u00e9 uma visita obrigat\u00f3ria durante suas f\u00e9rias em Cura\u00e7ao. Klein Cura\u00e7ao oferece tudo o que voc\u00ea sonha em uma ilha tropical e desabitada, e sua praia \u00e9 frequentemente considerada uma das mais belas do mundo.<\/p>\n<p>H\u00e1 v\u00e1rias operadoras que oferecem passeios di\u00e1rios para Klein Cura\u00e7ao, geralmente incluindo bebidas e um almo\u00e7o com churrasco. Sinta-se \u00e0 vontade para pedir recomenda\u00e7\u00f5es \u00e0 nossa recep\u00e7\u00e3o ou ajuda para reservar seu passeio perfeito!<\/p>","protected":false},"author":3,"featured_media":0,"parent":595,"menu_order":0,"comment_status":"closed","ping_status":"closed","template":"elementor_header_footer","meta":{"footnotes":""},"class_list":["post-2705","page","type-page","status-publish","hentry"],"_links":{"self":[{"href":"https:\/\/info.bluebay-curacao.com\/pt\/wp-json\/wp\/v2\/pages\/2705","targetHints":{"allow":["GET"]}}],"collection":[{"href":"https:\/\/info.bluebay-curacao.com\/pt\/wp-json\/wp\/v2\/pages"}],"about":[{"href":"https:\/\/info.bluebay-curacao.com\/pt\/wp-json\/wp\/v2\/types\/page"}],"author":[{"embeddable":true,"href":"https:\/\/info.bluebay-curacao.com\/pt\/wp-json\/wp\/v2\/users\/3"}],"replies":[{"embeddable":true,"href":"https:\/\/info.bluebay-curacao.com\/pt\/wp-json\/wp\/v2\/comments?post=2705"}],"version-history":[{"count":3,"href":"https:\/\/info.bluebay-curacao.com\/pt\/wp-json\/wp\/v2\/pages\/2705\/revisions"}],"predecessor-version":[{"id":2709,"href":"https:\/\/info.bluebay-curacao.com\/pt\/wp-json\/wp\/v2\/pages\/2705\/revisions\/2709"}],"up":[{"embeddable":true,"href":"https:\/\/info.bluebay-curacao.com\/pt\/wp-json\/wp\/v2\/pages\/595"}],"wp:attachment":[{"href":"https:\/\/info.bluebay-curacao.com\/pt\/wp-json\/wp\/v2\/media?parent=2705"}],"curies":[{"name":"wp","href":"https:\/\/api.w.org\/{rel}","templated":true}]}}