{"id":2609,"date":"2024-12-04T15:02:46","date_gmt":"2024-12-04T19:02:46","guid":{"rendered":"https:\/\/info.bluebay-curacao.com\/?page_id=2609"},"modified":"2024-12-10T16:51:52","modified_gmt":"2024-12-10T20:51:52","slug":"mosquitoes-pest","status":"publish","type":"page","link":"https:\/\/info.bluebay-curacao.com\/fr\/mosquitoes-pest\/","title":{"rendered":"Moustiques et parasites"},"content":{"rendered":"<div data-elementor-type=\"wp-post\" data-elementor-id=\"2609\" class=\"elementor elementor-2609\" data-elementor-post-type=\"page\">\n\t\t\t\t\t\t<section class=\"elementor-section elementor-top-section elementor-element elementor-element-a17c14e elementor-hidden-desktop elementor-hidden-tablet elementor-section-boxed elementor-section-height-default elementor-section-height-default\" data-id=\"a17c14e\" data-element_type=\"section\" data-e-type=\"section\">\n\t\t\t\t\t\t<div class=\"elementor-container elementor-column-gap-default\">\n\t\t\t\t\t<div class=\"elementor-column elementor-col-100 elementor-top-column elementor-element elementor-element-f6b5dcd\" data-id=\"f6b5dcd\" data-element_type=\"column\" data-e-type=\"column\">\n\t\t\t<div class=\"elementor-widget-wrap elementor-element-populated\">\n\t\t\t\t\t\t<div class=\"elementor-element elementor-element-96b370e elementor-cta--skin-cover elementor-widget elementor-widget-call-to-action\" data-id=\"96b370e\" data-element_type=\"widget\" data-e-type=\"widget\" data-widget_type=\"call-to-action.default\">\n\t\t\t\t<div class=\"elementor-widget-container\">\n\t\t\t\t\t\t\t<div class=\"elementor-cta\">\n\t\t\t\t\t<div class=\"elementor-cta__bg-wrapper\">\n\t\t\t\t<div class=\"elementor-cta__bg elementor-bg\" style=\"background-image: url();\" role=\"img\" aria-label=\"\"><\/div>\n\t\t\t\t<div class=\"elementor-cta__bg-overlay\"><\/div>\n\t\t\t<\/div>\n\t\t\t\t\t\t\t<div class=\"elementor-cta__content\">\n\t\t\t\t\n\t\t\t\t\t\t\t\t\t<h2 class=\"elementor-cta__title elementor-cta__content-item elementor-content-item\">\n\t\t\t\t\t\tMoustiques <br>&amp; nuisibles\t\t\t\t\t<\/h2>\n\t\t\t\t\n\t\t\t\t\t\t\t\t\t<div class=\"elementor-cta__description elementor-cta__content-item elementor-content-item\">\n\t\t\t\t\t\tCura\u00e7ao est un paradis tropical qui abrite une faune incroyable, comme les iguanes, les flamants roses et les oiseaux color\u00e9s. Cependant, l'\u00eele a aussi son lot de nuisibles, notamment des fourmis, des moustiques, des mouches et des cafards (volants). Les moustiques, en particulier, peuvent \u00eatre g\u00eanants, surtout \u00e0 l'aube, au coucher du soleil et apr\u00e8s les pluies. Pour vous prot\u00e9ger, pensez \u00e0 utiliser un insectifuge contenant du DEET.\n\nPour \u00e9viter d'attirer les nuisibles, il est essentiel de conserver les aliments dans des r\u00e9cipients ou des sacs herm\u00e9tiques et de jeter rapidement les d\u00e9chets dans des sacs herm\u00e9tiques plac\u00e9s dans les poubelles pr\u00e9vues \u00e0 cet effet. Si vous avez des probl\u00e8mes avec les parasites, vous pouvez acheter des sprays ou d'autres solutions dans les supermarch\u00e9s locaux. Si le probl\u00e8me persiste, n'h\u00e9sitez pas \u00e0 nous contacter pour obtenir de l'aide.\n\nProfitez de la beaut\u00e9 de Cura\u00e7ao tout en restant \u00e0 l'aise et sans nuisibles !\t\t\t\t\t<\/div>\n\t\t\t\t\n\t\t\t\t\t\t\t<\/div>\n\t\t\t\t\t\t<\/div>\n\t\t\t\t\t\t<\/div>\n\t\t\t\t<\/div>\n\t\t\t\t\t<\/div>\n\t\t<\/div>\n\t\t\t\t\t<\/div>\n\t\t<\/section>\n\t\t\t\t<section class=\"elementor-section elementor-top-section elementor-element elementor-element-9bbff95 elementor-hidden-desktop elementor-hidden-tablet elementor-section-boxed elementor-section-height-default elementor-section-height-default\" data-id=\"9bbff95\" data-element_type=\"section\" data-e-type=\"section\">\n\t\t\t\t\t\t<div class=\"elementor-container elementor-column-gap-default\">\n\t\t\t\t\t<div class=\"elementor-column elementor-col-100 elementor-top-column elementor-element elementor-element-b022ffb\" data-id=\"b022ffb\" data-element_type=\"column\" data-e-type=\"column\">\n\t\t\t<div class=\"elementor-widget-wrap\">\n\t\t\t\t\t\t\t<\/div>\n\t\t<\/div>\n\t\t\t\t\t<\/div>\n\t\t<\/section>\n\t\t\t\t<section class=\"elementor-section elementor-top-section elementor-element elementor-element-3bd0b75 elementor-section-height-full elementor-hidden-mobile elementor-section-boxed elementor-section-height-default elementor-section-items-middle\" data-id=\"3bd0b75\" data-element_type=\"section\" data-e-type=\"section\" data-settings=\"{&quot;background_background&quot;:&quot;classic&quot;}\">\n\t\t\t\t\t\t<div class=\"elementor-container elementor-column-gap-default\">\n\t\t\t\t\t<div class=\"elementor-column elementor-col-100 elementor-top-column elementor-element elementor-element-0dccfa2\" data-id=\"0dccfa2\" data-element_type=\"column\" data-e-type=\"column\">\n\t\t\t<div class=\"elementor-widget-wrap elementor-element-populated\">\n\t\t\t\t\t\t<div class=\"elementor-element elementor-element-2c78623 elementor-position-top elementor-widget elementor-widget-image-box\" data-id=\"2c78623\" data-element_type=\"widget\" data-e-type=\"widget\" data-widget_type=\"image-box.default\">\n\t\t\t\t<div class=\"elementor-widget-container\">\n\t\t\t\t\t<div class=\"elementor-image-box-wrapper\"><figure class=\"elementor-image-box-img\"><img fetchpriority=\"high\" decoding=\"async\" width=\"600\" height=\"600\" src=\"https:\/\/info.bluebay-curacao.com\/wp-content\/uploads\/2024\/12\/QR-Code-info.BlueBay.png\" class=\"attachment-full size-full wp-image-2408\" alt=\"\" srcset=\"https:\/\/info.bluebay-curacao.com\/wp-content\/uploads\/2024\/12\/QR-Code-info.BlueBay.png 600w, https:\/\/info.bluebay-curacao.com\/wp-content\/uploads\/2024\/12\/QR-Code-info.BlueBay-300x300.png 300w, https:\/\/info.bluebay-curacao.com\/wp-content\/uploads\/2024\/12\/QR-Code-info.BlueBay-150x150.png 150w, https:\/\/info.bluebay-curacao.com\/wp-content\/uploads\/2024\/12\/QR-Code-info.BlueBay-12x12.png 12w\" sizes=\"(max-width: 600px) 100vw, 600px\" \/><\/figure><div class=\"elementor-image-box-content\"><h3 class=\"elementor-image-box-title\">Scanner le code QR pour visualiser le site web sur mobile<\/h3><\/div><\/div>\t\t\t\t<\/div>\n\t\t\t\t<\/div>\n\t\t\t\t\t<\/div>\n\t\t<\/div>\n\t\t\t\t\t<\/div>\n\t\t<\/section>\n\t\t\t\t<\/div>","protected":false},"excerpt":{"rendered":"<p>Cura\u00e7ao est un paradis tropical qui abrite une faune incroyable, comme les iguanes, les flamants roses et les oiseaux color\u00e9s. Cependant, l'\u00eele a aussi son lot de nuisibles, notamment des fourmis, des moustiques, des mouches et des cafards (volants). Les moustiques, en particulier, peuvent \u00eatre g\u00eanants, surtout \u00e0 l'aube, au coucher du soleil et apr\u00e8s les pluies. Pour vous prot\u00e9ger, pensez \u00e0 utiliser un insectifuge contenant du DEET.<\/p>\n<p>Pour \u00e9viter d'attirer les parasites, il est essentiel de conserver les aliments dans des r\u00e9cipients ou des sacs herm\u00e9tiques et de jeter rapidement les d\u00e9chets dans des sacs herm\u00e9tiques plac\u00e9s dans les poubelles pr\u00e9vues \u00e0 cet effet. Si vous avez des probl\u00e8mes avec les parasites, vous pouvez acheter des sprays ou d'autres solutions dans les supermarch\u00e9s locaux. Si le probl\u00e8me persiste, n'h\u00e9sitez pas \u00e0 nous contacter pour obtenir de l'aide.<\/p>\n<p>Profitez de la beaut\u00e9 de Cura\u00e7ao tout en restant \u00e0 l'aise et \u00e0 l'abri des parasites !<\/p>","protected":false},"author":3,"featured_media":0,"parent":0,"menu_order":0,"comment_status":"closed","ping_status":"closed","template":"elementor_header_footer","meta":{"footnotes":""},"class_list":["post-2609","page","type-page","status-publish","hentry"],"_links":{"self":[{"href":"https:\/\/info.bluebay-curacao.com\/fr\/wp-json\/wp\/v2\/pages\/2609","targetHints":{"allow":["GET"]}}],"collection":[{"href":"https:\/\/info.bluebay-curacao.com\/fr\/wp-json\/wp\/v2\/pages"}],"about":[{"href":"https:\/\/info.bluebay-curacao.com\/fr\/wp-json\/wp\/v2\/types\/page"}],"author":[{"embeddable":true,"href":"https:\/\/info.bluebay-curacao.com\/fr\/wp-json\/wp\/v2\/users\/3"}],"replies":[{"embeddable":true,"href":"https:\/\/info.bluebay-curacao.com\/fr\/wp-json\/wp\/v2\/comments?post=2609"}],"version-history":[{"count":13,"href":"https:\/\/info.bluebay-curacao.com\/fr\/wp-json\/wp\/v2\/pages\/2609\/revisions"}],"predecessor-version":[{"id":3013,"href":"https:\/\/info.bluebay-curacao.com\/fr\/wp-json\/wp\/v2\/pages\/2609\/revisions\/3013"}],"wp:attachment":[{"href":"https:\/\/info.bluebay-curacao.com\/fr\/wp-json\/wp\/v2\/media?parent=2609"}],"curies":[{"name":"wp","href":"https:\/\/api.w.org\/{rel}","templated":true}]}}