{"id":1161,"date":"2024-09-03T13:22:11","date_gmt":"2024-09-03T13:22:11","guid":{"rendered":"https:\/\/info.bluebay-curacao.com\/?page_id=1161"},"modified":"2024-12-18T14:58:53","modified_gmt":"2024-12-18T18:58:53","slug":"water","status":"publish","type":"page","link":"https:\/\/info.bluebay-curacao.com\/es\/hotel-information\/water\/","title":{"rendered":"Agua"},"content":{"rendered":"<div data-elementor-type=\"wp-post\" data-elementor-id=\"1161\" class=\"elementor elementor-1161\" data-elementor-post-type=\"page\">\n\t\t\t\t\t\t<section class=\"elementor-section elementor-top-section elementor-element elementor-element-a17c14e elementor-hidden-desktop elementor-hidden-tablet elementor-section-boxed elementor-section-height-default elementor-section-height-default\" data-id=\"a17c14e\" data-element_type=\"section\" data-e-type=\"section\">\n\t\t\t\t\t\t<div class=\"elementor-container elementor-column-gap-default\">\n\t\t\t\t\t<div class=\"elementor-column elementor-col-100 elementor-top-column elementor-element elementor-element-f6b5dcd\" data-id=\"f6b5dcd\" data-element_type=\"column\" data-e-type=\"column\">\n\t\t\t<div class=\"elementor-widget-wrap elementor-element-populated\">\n\t\t\t\t\t\t<div class=\"elementor-element elementor-element-010064a elementor-cta--skin-cover elementor-widget elementor-widget-call-to-action\" data-id=\"010064a\" data-element_type=\"widget\" data-e-type=\"widget\" data-widget_type=\"call-to-action.default\">\n\t\t\t\t<div class=\"elementor-widget-container\">\n\t\t\t\t\t\t\t<div class=\"elementor-cta\">\n\t\t\t\t\t<div class=\"elementor-cta__bg-wrapper\">\n\t\t\t\t<div class=\"elementor-cta__bg elementor-bg\" style=\"background-image: url();\" role=\"img\" aria-label=\"\"><\/div>\n\t\t\t\t<div class=\"elementor-cta__bg-overlay\"><\/div>\n\t\t\t<\/div>\n\t\t\t\t\t\t\t<div class=\"elementor-cta__content\">\n\t\t\t\t\n\t\t\t\t\t\t\t\t\t<h2 class=\"elementor-cta__title elementor-cta__content-item elementor-content-item\">\n\t\t\t\t\t\tAgua\t\t\t\t\t<\/h2>\n\t\t\t\t\n\t\t\t\t\t\t\t\t\t<div class=\"elementor-cta__description elementor-cta__content-item elementor-content-item\">\n\t\t\t\t\t\tEl agua del grifo de Cura\u00e7ao es potable y figura entre las de mayor calidad del mundo. Desde la d\u00e9cada de 1920, el agua potable de la isla es producida por Aqualectra, antes conocida como la destiler\u00eda de Cura\u00e7ao. El agua se destila del agua de mar y es de una calidad excepcional: blanda, sin cloro ni calcio, ins\u00edpida, inodora y con una excelente composici\u00f3n bacteriol\u00f3gica. Puede disfrutar tranquilamente del agua del grifo durante su estancia en Cura\u00e7ao.\t\t\t\t\t<\/div>\n\t\t\t\t\n\t\t\t\t\t\t\t<\/div>\n\t\t\t\t\t\t<\/div>\n\t\t\t\t\t\t<\/div>\n\t\t\t\t<\/div>\n\t\t\t\t\t<\/div>\n\t\t<\/div>\n\t\t\t\t\t<\/div>\n\t\t<\/section>\n\t\t\t\t<section class=\"elementor-section elementor-top-section elementor-element elementor-element-9bbff95 elementor-hidden-desktop elementor-hidden-tablet elementor-section-boxed elementor-section-height-default elementor-section-height-default\" data-id=\"9bbff95\" data-element_type=\"section\" data-e-type=\"section\">\n\t\t\t\t\t\t<div class=\"elementor-container elementor-column-gap-default\">\n\t\t\t\t\t<div class=\"elementor-column elementor-col-100 elementor-top-column elementor-element elementor-element-b022ffb\" data-id=\"b022ffb\" data-element_type=\"column\" data-e-type=\"column\">\n\t\t\t<div class=\"elementor-widget-wrap\">\n\t\t\t\t\t\t\t<\/div>\n\t\t<\/div>\n\t\t\t\t\t<\/div>\n\t\t<\/section>\n\t\t\t\t<section class=\"elementor-section elementor-top-section elementor-element elementor-element-56d63c6 elementor-section-height-full elementor-hidden-mobile elementor-section-boxed elementor-section-height-default elementor-section-items-middle\" data-id=\"56d63c6\" data-element_type=\"section\" data-e-type=\"section\" data-settings=\"{&quot;background_background&quot;:&quot;classic&quot;}\">\n\t\t\t\t\t\t<div class=\"elementor-container elementor-column-gap-default\">\n\t\t\t\t\t<div class=\"elementor-column elementor-col-100 elementor-top-column elementor-element elementor-element-e891633\" data-id=\"e891633\" data-element_type=\"column\" data-e-type=\"column\">\n\t\t\t<div class=\"elementor-widget-wrap elementor-element-populated\">\n\t\t\t\t\t\t<div class=\"elementor-element elementor-element-6e26eba elementor-position-top elementor-widget elementor-widget-image-box\" data-id=\"6e26eba\" data-element_type=\"widget\" data-e-type=\"widget\" data-widget_type=\"image-box.default\">\n\t\t\t\t<div class=\"elementor-widget-container\">\n\t\t\t\t\t<div class=\"elementor-image-box-wrapper\"><figure class=\"elementor-image-box-img\"><img fetchpriority=\"high\" decoding=\"async\" width=\"600\" height=\"600\" src=\"https:\/\/info.bluebay-curacao.com\/wp-content\/uploads\/2024\/12\/QR-Code-info.BlueBay.png\" class=\"attachment-full size-full wp-image-2408\" alt=\"\" srcset=\"https:\/\/info.bluebay-curacao.com\/wp-content\/uploads\/2024\/12\/QR-Code-info.BlueBay.png 600w, https:\/\/info.bluebay-curacao.com\/wp-content\/uploads\/2024\/12\/QR-Code-info.BlueBay-300x300.png 300w, https:\/\/info.bluebay-curacao.com\/wp-content\/uploads\/2024\/12\/QR-Code-info.BlueBay-150x150.png 150w, https:\/\/info.bluebay-curacao.com\/wp-content\/uploads\/2024\/12\/QR-Code-info.BlueBay-12x12.png 12w\" sizes=\"(max-width: 600px) 100vw, 600px\" \/><\/figure><div class=\"elementor-image-box-content\"><h3 class=\"elementor-image-box-title\">Escanee el c\u00f3digo QR para ver el sitio web en el m\u00f3vil<\/h3><\/div><\/div>\t\t\t\t<\/div>\n\t\t\t\t<\/div>\n\t\t\t\t\t<\/div>\n\t\t<\/div>\n\t\t\t\t\t<\/div>\n\t\t<\/section>\n\t\t\t\t<\/div>","protected":false},"excerpt":{"rendered":"<p>The tap water in Curacao is safe to drink and ranks among the highest quality water in the world. <\/p>","protected":false},"author":3,"featured_media":0,"parent":148,"menu_order":0,"comment_status":"closed","ping_status":"closed","template":"elementor_header_footer","meta":{"footnotes":""},"class_list":["post-1161","page","type-page","status-publish","hentry"],"_links":{"self":[{"href":"https:\/\/info.bluebay-curacao.com\/es\/wp-json\/wp\/v2\/pages\/1161","targetHints":{"allow":["GET"]}}],"collection":[{"href":"https:\/\/info.bluebay-curacao.com\/es\/wp-json\/wp\/v2\/pages"}],"about":[{"href":"https:\/\/info.bluebay-curacao.com\/es\/wp-json\/wp\/v2\/types\/page"}],"author":[{"embeddable":true,"href":"https:\/\/info.bluebay-curacao.com\/es\/wp-json\/wp\/v2\/users\/3"}],"replies":[{"embeddable":true,"href":"https:\/\/info.bluebay-curacao.com\/es\/wp-json\/wp\/v2\/comments?post=1161"}],"version-history":[{"count":19,"href":"https:\/\/info.bluebay-curacao.com\/es\/wp-json\/wp\/v2\/pages\/1161\/revisions"}],"predecessor-version":[{"id":3188,"href":"https:\/\/info.bluebay-curacao.com\/es\/wp-json\/wp\/v2\/pages\/1161\/revisions\/3188"}],"up":[{"embeddable":true,"href":"https:\/\/info.bluebay-curacao.com\/es\/wp-json\/wp\/v2\/pages\/148"}],"wp:attachment":[{"href":"https:\/\/info.bluebay-curacao.com\/es\/wp-json\/wp\/v2\/media?parent=1161"}],"curies":[{"name":"wp","href":"https:\/\/api.w.org\/{rel}","templated":true}]}}