{"id":392,"date":"2024-08-16T01:28:16","date_gmt":"2024-08-16T01:28:16","guid":{"rendered":"https:\/\/info.bluebay-curacao.com\/?page_id=392"},"modified":"2024-12-18T14:55:07","modified_gmt":"2024-12-18T18:55:07","slug":"housekeeping","status":"publish","type":"page","link":"https:\/\/info.bluebay-curacao.com\/de\/hotel-information\/housekeeping\/","title":{"rendered":"Hauswirtschaft"},"content":{"rendered":"<div data-elementor-type=\"wp-post\" data-elementor-id=\"392\" class=\"elementor elementor-392\" data-elementor-post-type=\"page\">\n\t\t\t\t\t\t<section class=\"elementor-section elementor-top-section elementor-element elementor-element-a17c14e elementor-hidden-desktop elementor-hidden-tablet elementor-section-boxed elementor-section-height-default elementor-section-height-default\" data-id=\"a17c14e\" data-element_type=\"section\" data-e-type=\"section\">\n\t\t\t\t\t\t<div class=\"elementor-container elementor-column-gap-default\">\n\t\t\t\t\t<div class=\"elementor-column elementor-col-100 elementor-top-column elementor-element elementor-element-f6b5dcd\" data-id=\"f6b5dcd\" data-element_type=\"column\" data-e-type=\"column\">\n\t\t\t<div class=\"elementor-widget-wrap elementor-element-populated\">\n\t\t\t\t\t\t<div class=\"elementor-element elementor-element-010064a elementor-cta--skin-cover elementor-widget elementor-widget-call-to-action\" data-id=\"010064a\" data-element_type=\"widget\" data-e-type=\"widget\" data-widget_type=\"call-to-action.default\">\n\t\t\t\t<div class=\"elementor-widget-container\">\n\t\t\t\t\t\t\t<div class=\"elementor-cta\">\n\t\t\t\t\t<div class=\"elementor-cta__bg-wrapper\">\n\t\t\t\t<div class=\"elementor-cta__bg elementor-bg\" style=\"background-image: url();\" role=\"img\" aria-label=\"\"><\/div>\n\t\t\t\t<div class=\"elementor-cta__bg-overlay\"><\/div>\n\t\t\t<\/div>\n\t\t\t\t\t\t\t<div class=\"elementor-cta__content\">\n\t\t\t\t\n\t\t\t\t\t\t\t\t\t<h2 class=\"elementor-cta__title elementor-cta__content-item elementor-content-item\">\n\t\t\t\t\t\tHauswirtschaft\t\t\t\t\t<\/h2>\n\t\t\t\t\n\t\t\t\t\t\t\t\t\t<div class=\"elementor-cta__description elementor-cta__content-item elementor-content-item\">\n\t\t\t\t\t\tWir wissen, wie wichtig ein sauberes und komfortables Zimmer ist. Unser Housekeeping-Team sorgt f\u00fcr eine t\u00e4gliche Auffrischung. Sie brauchen frische Handt\u00fccher? Lassen Sie die gebrauchten einfach auf dem Boden liegen, und wir werden sie f\u00fcr Sie austauschen. Die W\u00e4sche wird alle vier Tage gewechselt. \t\t\t\t\t<\/div>\n\t\t\t\t\n\t\t\t\t\t\t\t<\/div>\n\t\t\t\t\t\t<\/div>\n\t\t\t\t\t\t<\/div>\n\t\t\t\t<\/div>\n\t\t\t\t\t<\/div>\n\t\t<\/div>\n\t\t\t\t\t<\/div>\n\t\t<\/section>\n\t\t\t\t<section class=\"elementor-section elementor-top-section elementor-element elementor-element-9bbff95 elementor-hidden-desktop elementor-hidden-tablet elementor-section-boxed elementor-section-height-default elementor-section-height-default\" data-id=\"9bbff95\" data-element_type=\"section\" data-e-type=\"section\">\n\t\t\t\t\t\t<div class=\"elementor-container elementor-column-gap-default\">\n\t\t\t\t\t<div class=\"elementor-column elementor-col-100 elementor-top-column elementor-element elementor-element-b022ffb\" data-id=\"b022ffb\" data-element_type=\"column\" data-e-type=\"column\">\n\t\t\t<div class=\"elementor-widget-wrap\">\n\t\t\t\t\t\t\t<\/div>\n\t\t<\/div>\n\t\t\t\t\t<\/div>\n\t\t<\/section>\n\t\t\t\t<section class=\"elementor-section elementor-top-section elementor-element elementor-element-b0ab87b elementor-section-height-full elementor-hidden-mobile elementor-section-boxed elementor-section-height-default elementor-section-items-middle\" data-id=\"b0ab87b\" data-element_type=\"section\" data-e-type=\"section\" data-settings=\"{&quot;background_background&quot;:&quot;classic&quot;}\">\n\t\t\t\t\t\t<div class=\"elementor-container elementor-column-gap-default\">\n\t\t\t\t\t<div class=\"elementor-column elementor-col-100 elementor-top-column elementor-element elementor-element-3288baf\" data-id=\"3288baf\" data-element_type=\"column\" data-e-type=\"column\">\n\t\t\t<div class=\"elementor-widget-wrap elementor-element-populated\">\n\t\t\t\t\t\t<div class=\"elementor-element elementor-element-fe6190f elementor-position-top elementor-widget elementor-widget-image-box\" data-id=\"fe6190f\" data-element_type=\"widget\" data-e-type=\"widget\" data-widget_type=\"image-box.default\">\n\t\t\t\t<div class=\"elementor-widget-container\">\n\t\t\t\t\t<div class=\"elementor-image-box-wrapper\"><figure class=\"elementor-image-box-img\"><img fetchpriority=\"high\" decoding=\"async\" width=\"600\" height=\"600\" src=\"https:\/\/info.bluebay-curacao.com\/wp-content\/uploads\/2024\/12\/QR-Code-info.BlueBay.png\" class=\"attachment-full size-full wp-image-2408\" alt=\"\" srcset=\"https:\/\/info.bluebay-curacao.com\/wp-content\/uploads\/2024\/12\/QR-Code-info.BlueBay.png 600w, https:\/\/info.bluebay-curacao.com\/wp-content\/uploads\/2024\/12\/QR-Code-info.BlueBay-300x300.png 300w, https:\/\/info.bluebay-curacao.com\/wp-content\/uploads\/2024\/12\/QR-Code-info.BlueBay-150x150.png 150w, https:\/\/info.bluebay-curacao.com\/wp-content\/uploads\/2024\/12\/QR-Code-info.BlueBay-12x12.png 12w\" sizes=\"(max-width: 600px) 100vw, 600px\" \/><\/figure><div class=\"elementor-image-box-content\"><h3 class=\"elementor-image-box-title\">Scannen Sie den QR-Code, um die Website auf dem Handy anzuzeigen<\/h3><\/div><\/div>\t\t\t\t<\/div>\n\t\t\t\t<\/div>\n\t\t\t\t\t<\/div>\n\t\t<\/div>\n\t\t\t\t\t<\/div>\n\t\t<\/section>\n\t\t\t\t<\/div>","protected":false},"excerpt":{"rendered":"<p>We understand the importance of a clean and comfortable room. Our housekeeping team provides a daily touch-up. Need fresh towels? Just leave the used ones on the floor, and we\u2019ll replace them for you. Linen is changed every four days. \u200b<\/p>","protected":false},"author":3,"featured_media":0,"parent":148,"menu_order":0,"comment_status":"closed","ping_status":"closed","template":"elementor_header_footer","meta":{"footnotes":""},"class_list":["post-392","page","type-page","status-publish","hentry"],"_links":{"self":[{"href":"https:\/\/info.bluebay-curacao.com\/de\/wp-json\/wp\/v2\/pages\/392","targetHints":{"allow":["GET"]}}],"collection":[{"href":"https:\/\/info.bluebay-curacao.com\/de\/wp-json\/wp\/v2\/pages"}],"about":[{"href":"https:\/\/info.bluebay-curacao.com\/de\/wp-json\/wp\/v2\/types\/page"}],"author":[{"embeddable":true,"href":"https:\/\/info.bluebay-curacao.com\/de\/wp-json\/wp\/v2\/users\/3"}],"replies":[{"embeddable":true,"href":"https:\/\/info.bluebay-curacao.com\/de\/wp-json\/wp\/v2\/comments?post=392"}],"version-history":[{"count":34,"href":"https:\/\/info.bluebay-curacao.com\/de\/wp-json\/wp\/v2\/pages\/392\/revisions"}],"predecessor-version":[{"id":3167,"href":"https:\/\/info.bluebay-curacao.com\/de\/wp-json\/wp\/v2\/pages\/392\/revisions\/3167"}],"up":[{"embeddable":true,"href":"https:\/\/info.bluebay-curacao.com\/de\/wp-json\/wp\/v2\/pages\/148"}],"wp:attachment":[{"href":"https:\/\/info.bluebay-curacao.com\/de\/wp-json\/wp\/v2\/media?parent=392"}],"curies":[{"name":"wp","href":"https:\/\/api.w.org\/{rel}","templated":true}]}}