{"id":2609,"date":"2024-12-04T15:02:46","date_gmt":"2024-12-04T19:02:46","guid":{"rendered":"https:\/\/info.bluebay-curacao.com\/?page_id=2609"},"modified":"2024-12-10T16:51:52","modified_gmt":"2024-12-10T20:51:52","slug":"mosquitoes-pest","status":"publish","type":"page","link":"https:\/\/info.bluebay-curacao.com\/de\/mosquitoes-pest\/","title":{"rendered":"Stechm\u00fccken und Sch\u00e4dlinge"},"content":{"rendered":"<div data-elementor-type=\"wp-post\" data-elementor-id=\"2609\" class=\"elementor elementor-2609\" data-elementor-post-type=\"page\">\n\t\t\t\t\t\t<section class=\"elementor-section elementor-top-section elementor-element elementor-element-a17c14e elementor-hidden-desktop elementor-hidden-tablet elementor-section-boxed elementor-section-height-default elementor-section-height-default\" data-id=\"a17c14e\" data-element_type=\"section\" data-e-type=\"section\">\n\t\t\t\t\t\t<div class=\"elementor-container elementor-column-gap-default\">\n\t\t\t\t\t<div class=\"elementor-column elementor-col-100 elementor-top-column elementor-element elementor-element-f6b5dcd\" data-id=\"f6b5dcd\" data-element_type=\"column\" data-e-type=\"column\">\n\t\t\t<div class=\"elementor-widget-wrap elementor-element-populated\">\n\t\t\t\t\t\t<div class=\"elementor-element elementor-element-96b370e elementor-cta--skin-cover elementor-widget elementor-widget-call-to-action\" data-id=\"96b370e\" data-element_type=\"widget\" data-e-type=\"widget\" data-widget_type=\"call-to-action.default\">\n\t\t\t\t<div class=\"elementor-widget-container\">\n\t\t\t\t\t\t\t<div class=\"elementor-cta\">\n\t\t\t\t\t<div class=\"elementor-cta__bg-wrapper\">\n\t\t\t\t<div class=\"elementor-cta__bg elementor-bg\" style=\"background-image: url();\" role=\"img\" aria-label=\"\"><\/div>\n\t\t\t\t<div class=\"elementor-cta__bg-overlay\"><\/div>\n\t\t\t<\/div>\n\t\t\t\t\t\t\t<div class=\"elementor-cta__content\">\n\t\t\t\t\n\t\t\t\t\t\t\t\t\t<h2 class=\"elementor-cta__title elementor-cta__content-item elementor-content-item\">\n\t\t\t\t\t\tStechm\u00fccken <br>&amp; Sch\u00e4dling\t\t\t\t\t<\/h2>\n\t\t\t\t\n\t\t\t\t\t\t\t\t\t<div class=\"elementor-cta__description elementor-cta__content-item elementor-content-item\">\n\t\t\t\t\t\tCura\u00e7ao ist ein tropisches Paradies mit einer unglaublichen Tierwelt, wie Leguanen, Flamingos und bunten V\u00f6geln. Allerdings hat die Insel auch ihren Anteil an Sch\u00e4dlingen, darunter Ameisen, Moskitos, Fliegen und (fliegende) Kakerlaken. Vor allem Moskitos k\u00f6nnen l\u00e4stig sein, besonders bei Sonnenaufgang, Sonnenuntergang und nach Regenf\u00e4llen. Um sich zu sch\u00fctzen, sollten Sie ein DEET-haltiges Insektenschutzmittel verwenden.\n\nUm Sch\u00e4dlinge nicht anzulocken, sollten Sie Lebensmittel unbedingt in luftdichten Beh\u00e4ltern oder T\u00fcten aufbewahren und Abf\u00e4lle umgehend in versiegelten Beuteln in den daf\u00fcr vorgesehenen Beh\u00e4ltern entsorgen. Wenn Sie Probleme mit Sch\u00e4dlingen haben, k\u00f6nnen Sie in \u00f6rtlichen Superm\u00e4rkten Sprays oder andere L\u00f6sungen kaufen. Sollte das Problem fortbestehen, k\u00f6nnen Sie sich gerne an uns wenden, um Hilfe zu erhalten.\n\nGenie\u00dfen Sie die Sch\u00f6nheit von Cura\u00e7ao und bleiben Sie dabei komfortabel und sch\u00e4dlingsfrei!\t\t\t\t\t<\/div>\n\t\t\t\t\n\t\t\t\t\t\t\t<\/div>\n\t\t\t\t\t\t<\/div>\n\t\t\t\t\t\t<\/div>\n\t\t\t\t<\/div>\n\t\t\t\t\t<\/div>\n\t\t<\/div>\n\t\t\t\t\t<\/div>\n\t\t<\/section>\n\t\t\t\t<section class=\"elementor-section elementor-top-section elementor-element elementor-element-9bbff95 elementor-hidden-desktop elementor-hidden-tablet elementor-section-boxed elementor-section-height-default elementor-section-height-default\" data-id=\"9bbff95\" data-element_type=\"section\" data-e-type=\"section\">\n\t\t\t\t\t\t<div class=\"elementor-container elementor-column-gap-default\">\n\t\t\t\t\t<div class=\"elementor-column elementor-col-100 elementor-top-column elementor-element elementor-element-b022ffb\" data-id=\"b022ffb\" data-element_type=\"column\" data-e-type=\"column\">\n\t\t\t<div class=\"elementor-widget-wrap\">\n\t\t\t\t\t\t\t<\/div>\n\t\t<\/div>\n\t\t\t\t\t<\/div>\n\t\t<\/section>\n\t\t\t\t<section class=\"elementor-section elementor-top-section elementor-element elementor-element-3bd0b75 elementor-section-height-full elementor-hidden-mobile elementor-section-boxed elementor-section-height-default elementor-section-items-middle\" data-id=\"3bd0b75\" data-element_type=\"section\" data-e-type=\"section\" data-settings=\"{&quot;background_background&quot;:&quot;classic&quot;}\">\n\t\t\t\t\t\t<div class=\"elementor-container elementor-column-gap-default\">\n\t\t\t\t\t<div class=\"elementor-column elementor-col-100 elementor-top-column elementor-element elementor-element-0dccfa2\" data-id=\"0dccfa2\" data-element_type=\"column\" data-e-type=\"column\">\n\t\t\t<div class=\"elementor-widget-wrap elementor-element-populated\">\n\t\t\t\t\t\t<div class=\"elementor-element elementor-element-2c78623 elementor-position-top elementor-widget elementor-widget-image-box\" data-id=\"2c78623\" data-element_type=\"widget\" data-e-type=\"widget\" data-widget_type=\"image-box.default\">\n\t\t\t\t<div class=\"elementor-widget-container\">\n\t\t\t\t\t<div class=\"elementor-image-box-wrapper\"><figure class=\"elementor-image-box-img\"><img fetchpriority=\"high\" decoding=\"async\" width=\"600\" height=\"600\" src=\"https:\/\/info.bluebay-curacao.com\/wp-content\/uploads\/2024\/12\/QR-Code-info.BlueBay.png\" class=\"attachment-full size-full wp-image-2408\" alt=\"\" srcset=\"https:\/\/info.bluebay-curacao.com\/wp-content\/uploads\/2024\/12\/QR-Code-info.BlueBay.png 600w, https:\/\/info.bluebay-curacao.com\/wp-content\/uploads\/2024\/12\/QR-Code-info.BlueBay-300x300.png 300w, https:\/\/info.bluebay-curacao.com\/wp-content\/uploads\/2024\/12\/QR-Code-info.BlueBay-150x150.png 150w, https:\/\/info.bluebay-curacao.com\/wp-content\/uploads\/2024\/12\/QR-Code-info.BlueBay-12x12.png 12w\" sizes=\"(max-width: 600px) 100vw, 600px\" \/><\/figure><div class=\"elementor-image-box-content\"><h3 class=\"elementor-image-box-title\">Scannen Sie den QR-Code, um die Website auf dem Handy anzuzeigen<\/h3><\/div><\/div>\t\t\t\t<\/div>\n\t\t\t\t<\/div>\n\t\t\t\t\t<\/div>\n\t\t<\/div>\n\t\t\t\t\t<\/div>\n\t\t<\/section>\n\t\t\t\t<\/div>","protected":false},"excerpt":{"rendered":"<p>Cura\u00e7ao ist ein tropisches Paradies mit einer unglaublichen Tierwelt, wie Leguanen, Flamingos und bunten V\u00f6geln. Allerdings hat die Insel auch ihren Anteil an Sch\u00e4dlingen, darunter Ameisen, Moskitos, Fliegen und (fliegende) Kakerlaken. Vor allem Moskitos k\u00f6nnen l\u00e4stig sein, besonders bei Sonnenaufgang, Sonnenuntergang und nach Regenf\u00e4llen. Um sich zu sch\u00fctzen, sollten Sie ein DEET-haltiges Insektenschutzmittel verwenden.<\/p>\n<p>Um zu vermeiden, dass Sch\u00e4dlinge angelockt werden, ist es wichtig, Lebensmittel sicher in luftdichten Beh\u00e4ltern oder T\u00fcten aufzubewahren und Abf\u00e4lle umgehend in versiegelten Beuteln in den daf\u00fcr vorgesehenen Beh\u00e4ltern zu entsorgen. Wenn Sie Probleme mit Sch\u00e4dlingen haben, k\u00f6nnen Sie in \u00f6rtlichen Superm\u00e4rkten Sprays oder andere L\u00f6sungen kaufen. Sollte das Problem fortbestehen, k\u00f6nnen Sie uns gerne um Hilfe bitten.<\/p>\n<p>Genie\u00dfen Sie die Sch\u00f6nheit von Cura\u00e7ao und bleiben Sie dabei komfortabel und sch\u00e4dlingsfrei!<\/p>","protected":false},"author":3,"featured_media":0,"parent":0,"menu_order":0,"comment_status":"closed","ping_status":"closed","template":"elementor_header_footer","meta":{"footnotes":""},"class_list":["post-2609","page","type-page","status-publish","hentry"],"_links":{"self":[{"href":"https:\/\/info.bluebay-curacao.com\/de\/wp-json\/wp\/v2\/pages\/2609","targetHints":{"allow":["GET"]}}],"collection":[{"href":"https:\/\/info.bluebay-curacao.com\/de\/wp-json\/wp\/v2\/pages"}],"about":[{"href":"https:\/\/info.bluebay-curacao.com\/de\/wp-json\/wp\/v2\/types\/page"}],"author":[{"embeddable":true,"href":"https:\/\/info.bluebay-curacao.com\/de\/wp-json\/wp\/v2\/users\/3"}],"replies":[{"embeddable":true,"href":"https:\/\/info.bluebay-curacao.com\/de\/wp-json\/wp\/v2\/comments?post=2609"}],"version-history":[{"count":13,"href":"https:\/\/info.bluebay-curacao.com\/de\/wp-json\/wp\/v2\/pages\/2609\/revisions"}],"predecessor-version":[{"id":3013,"href":"https:\/\/info.bluebay-curacao.com\/de\/wp-json\/wp\/v2\/pages\/2609\/revisions\/3013"}],"wp:attachment":[{"href":"https:\/\/info.bluebay-curacao.com\/de\/wp-json\/wp\/v2\/media?parent=2609"}],"curies":[{"name":"wp","href":"https:\/\/api.w.org\/{rel}","templated":true}]}}